{"id":8,"date":"2019-09-04T14:27:50","date_gmt":"2019-09-04T14:27:50","guid":{"rendered":"http:\/\/s848802881.mialojamiento.es\/webs\/entrufate\/?p=8"},"modified":"2024-10-21T22:40:10","modified_gmt":"2024-10-21T20:40:10","slug":"photos","status":"publish","type":"page","link":"https:\/\/herreriadeesteban.com\/?page_id=8","title":{"rendered":"El entorno"},"content":{"rendered":"<div>\n<div>El entorno<\/div>\n<p>Encantos paisaj\u00edsticos<\/p>\n<div>\n<p>Si te gusta hacer turismo rural, Teruel es un destino habitual. \u00bfPor qu\u00e9? Cuenta con pueblos medievales y pintorescos, castillos impresionante, admirables cascadas, paisajes protegidos y un paisaje abrumador.\u00a0<\/p>\n<\/div>\n<\/div>\n<p><img decoding=\"async\" src=\"\/wp-content\/uploads\/2022\/02\/Herreria-Esteban-fondo-03-C.png\" alt=\"\"><\/p>\n<div>\n<h1>Teruel, la ciudad del mud\u00e9jar<\/h1>\n<p>Capital de Provincia<\/p>\n<div>\n<p>Callejea por sus calles y saborea ese estilo medieval. Te dar\u00e1s cuenta muy pronto, solo con echar un vistazo al cielo y contemplar las torres mud\u00e9jares y el cimborrio de la catedral. Pero sus pueblos tambi\u00e9n tienen ese viaje al pasado.\u00a0<\/p>\n<\/div>\n<p><a href=\"#lugares\">Lugares para visitar<\/a><\/p>\n<\/div>\n<p><img decoding=\"async\" src=\"\/wp-content\/uploads\/2022\/02\/Herreria-Esteban-entorno-Teruel-02.jpg\" alt=\"\"><\/p>\n<h5>Lugares con tradici\u00f3n<\/h5>\n<hr>\n<ul>\n<li>\n<p>        <img decoding=\"async\" src=\"\/wp-content\/uploads\/2022\/02\/Herreria-Esteban-entorno-pueblo.jpeg\" alt=\"\"><\/p>\n<h3>Cuevas Labradas<\/h3>\n<div>\n<p><span>El pueblo se emplaza en el valle del r\u00edo Alfambra y descansa al pie de un monte cuyas oquedades hacen honor al nombre de Cuevas Labradas. Resalta la iglesia parroquial barroca de San Juan Evangelista del siglo XVIII, la ermita de la Virgen del Carmen del siglo XVII y la ermita de la Virgen de Cilleruelo.\u00a0<\/span><\/p>\n<\/div>\n<p><a href=\"https:\/\/turismocomarcateruel.com\/municipios\/cuevas-labradas\/\">Turismo en Cuevas Labradas<\/a><\/p>\n<\/li>\n<li>\n<p>        <img decoding=\"async\" src=\"\/wp-content\/uploads\/2022\/02\/Herreria-Esteban-entorno-chorrillo.jpg\" alt=\"\"><\/p>\n<h3>Ruta del Barranco del Chorrillo<\/h3>\n<div>\n<p><span>Se compone de 2 sectores diferenciados: un primer tramo por camino rodado que discurre por el valle abierto del barranco de Corbal\u00e1n y un segundo tramo puramente peatonal a trav\u00e9s del desfiladero abierto en la monta\u00f1a por las aguas del barranco del Chorrillo.<\/span><\/p>\n<\/div>\n<p><a href=\"https:\/\/turismocomarcateruel.com\/rutas-andatela\/senderos-locales\/sendero-del-barranco-del-chorillo-cuevas-labradas\/\">Detalles de la ruta<\/a><\/p>\n<\/li>\n<li>\n<p>        <img decoding=\"async\" src=\"\/wp-content\/uploads\/2022\/02\/Herreria-Esteban-albarracin-01.jpg\" alt=\"\"><\/p>\n<h3>Albarrac\u00edn<\/h3>\n<div>\n<p>Su admirable legado arquitect\u00f3nico y urban\u00edstico transporta a todo el visitante al sosiego. Sus casas rojizas, sus llamadores de forja, sus ventanas diminutas, sus balcones corridos&#8230; lo hacen un pueblo de cuento. Y cuenta con un gran n\u00famero de museos interesantes y monumentos como la Catedral.\u00a0<\/p>\n<\/div>\n<p><a href=\"https:\/\/albarracinturismo.com\/\">Turismo en Albarrac\u00edn<\/a><\/p>\n<\/li>\n<li>\n<p>        <img decoding=\"async\" src=\"\/wp-content\/uploads\/2022\/02\/Herreria-Esteban-entorno-rodeno.jpg\" alt=\"\"><\/p>\n<h3>Pinares de Rodeno<\/h3>\n<div>\n<p>Es un paisaje protegido en la Sierra de Albarrac\u00edn con Pinturas Rupestres y Rutas Senderistas de un entorno natural impresionante. Este extenso pinar de pino del rodeno se encuentra a tan solo 46 km de nuestra casita.\u00a0<\/p>\n<\/div>\n<p><a href=\"https:\/\/albarracinturismo.com\/espacios-naturales\/\">Naturaleza en Albarrac\u00edn<\/a><\/p>\n<\/li>\n<li>\n<p>        <img decoding=\"async\" src=\"\/wp-content\/uploads\/2022\/02\/Herreria-Esteban-entorno-cuencas-mineras.jpg\" alt=\"\"><\/p>\n<h3>Cuencas Mineras<\/h3>\n<div>\n<p>Sentirse minero por un d\u00eda en Escucha, admirar arte rupestre en Alac\u00f3n, visitar el Pueblo \u00cdbero del Cabezo en Oliete, conocer Albalate del Arzobispo, descubrir el Parque Cultural del r\u00edo Mart\u00edn o entrar al Parque Geol\u00f3gico de Aliaga.<\/p>\n<\/div>\n<p><a href=\"http:\/\/www.turismocuencasmineras.es\/\">Turismo en Cuencas Mineras<\/a><\/p>\n<\/li>\n<li>\n<p>        <img decoding=\"async\" src=\"\/wp-content\/uploads\/2022\/02\/Herreria-Esteban-entorno-maestrazgo.jpg\" alt=\"\"><\/p>\n<h3>Comarca del Maestrazgo<\/h3>\n<div>\n<p>Cada pueblo que lo conforma tiene algo peculiar. En Mirambel destaca su recinto amurallado, en Cantavieja su casco hist\u00f3rico, en La Iglesuela del Cid sus palacios, en Tronch\u00f3n su queso, en Molinos las Grutas de Cristal&#8230;\u00a0<\/p>\n<\/div>\n<p><a href=\"https:\/\/turismomaestrazgo.org\/\">Turismo en el Maestrazgo<\/a><\/p>\n<\/li>\n<\/ul>\n<h4>Provincia de Teruel, un lugar lleno de encanto<\/h4>\n<h4>Ven a visitarnos<\/h4>\n<div>\n<h2>Actividades por la zona<\/h2>\n<p>Adrenalina y diversi\u00f3n<\/p>\n<\/div>\n<p>\n    <a href=\"\/index.php?page_id=20\">Avent\u00farate <\/a>\n<\/p>\n<p><!--more--><br \/>\n<!-- {\"name\":\"plantilla la Casa\",\"type\":\"layout\",\"children\":[{\"type\":\"section\",\"props\":{\"image\":\"wp-content\\\/uploads\\\/2022\\\/02\\\/Herreria-Esteban-entorno-Teruel.jpg\",\"image_position\":\"center-center\",\"image_size\":\"cover\",\"style\":\"default\",\"title_breakpoint\":\"xl\",\"title_position\":\"top-left\",\"title_rotation\":\"left\",\"vertical_align\":\"middle\",\"width\":\"default\"},\"children\":[{\"type\":\"row\",\"props\":{\"layout\":\"1-2,1-2\"},\"children\":[{\"type\":\"column\",\"props\":{\"image_position\":\"center-center\",\"position_sticky_breakpoint\":\"m\",\"width_medium\":\"1-2\"},\"children\":[{\"type\":\"panel\",\"props\":{\"block_align\":\"center\",\"content\":\"\n\n<p>Si te gusta hacer turismo rural, Teruel es un destino habitual. \\u00bfPor qu\\u00e9? Cuenta con pueblos medievales y pintorescos, castillos impresionante, admirables cascadas, paisajes protegidos y un paisaje abrumador.\\u00a0<\\\/p>\",\"content_column_breakpoint\":\"m\",\"icon_width\":80,\"image_align\":\"top\",\"image_grid_breakpoint\":\"m\",\"image_grid_width\":\"1-2\",\"image_svg_color\":\"emphasis\",\"link_style\":\"default\",\"link_text\":\"Read more\",\"margin\":\"default\",\"maxwidth\":\"large\",\"meta\":\"Encantos paisaj\\u00edsticos\",\"meta_align\":\"above-title\",\"meta_element\":\"h1\",\"meta_style\":\"text-meta\",\"panel_padding\":\"large\",\"panel_style\":\"card-primary\",\"title\":\"El entorno\",\"title_align\":\"top\",\"title_color\":\"primary\",\"title_element\":\"div\",\"title_grid_breakpoint\":\"m\",\"title_grid_width\":\"1-2\",\"title_hover_style\":\"reset\",\"title_style\":\"h1\"}},{\"type\":\"image\",\"props\":{\"image\":\"wp-content\\\/uploads\\\/2022\\\/02\\\/Herreria-Esteban-fondo-03-C.png\",\"image_height\":\"500\",\"image_svg_color\":\"emphasis\",\"margin\":\"default\",\"position\":\"absolute\",\"position_left\":\"-360\",\"position_top\":\"50\"}}]},{\"type\":\"column\",\"props\":{\"image_position\":\"center-center\",\"position_sticky_breakpoint\":\"m\",\"width_medium\":\"1-2\"}}]}]},{\"type\":\"section\",\"props\":{\"image\":\"wp-content\\\/uploads\\\/2022\\\/02\\\/Herreria-Esteban-fondo-01.png\",\"image_effect\":\"fixed\",\"image_position\":\"center-center\",\"image_size\":\"cover\",\"media_visibility\":\"m\",\"padding\":\"large\",\"style\":\"default\",\"title_breakpoint\":\"xl\",\"title_position\":\"top-left\",\"title_rotation\":\"left\",\"vertical_align\":\"middle\",\"width\":\"default\"},\"children\":[{\"type\":\"row\",\"props\":{\"layout\":\"2-5,3-5\"},\"children\":[{\"type\":\"column\",\"props\":{\"image_position\":\"center-center\",\"position_sticky_breakpoint\":\"m\",\"vertical_align\":\"middle\",\"width_medium\":\"2-5\"},\"children\":[{\"type\":\"panel\",\"props\":{\"block_align\":\"center\",\"content\":\"\n\n<p>Callejea por sus calles y saborea ese estilo medieval. Te dar\\u00e1s cuenta muy pronto, solo con echar un vistazo al cielo y contemplar las torres mud\\u00e9jares y el cimborrio de la catedral. Pero sus pueblos tambi\\u00e9n tienen ese viaje al pasado.\\u00a0<\\\/p>\",\"content_column_breakpoint\":\"m\",\"icon\":\"\",\"icon_width\":80,\"image_align\":\"top\",\"image_grid_breakpoint\":\"m\",\"image_grid_width\":\"1-2\",\"image_svg_color\":\"emphasis\",\"link\":\"#lugares\",\"link_style\":\"default\",\"link_target\":true,\"link_text\":\"Lugares para visitar\",\"margin\":\"default\",\"maxwidth\":\"medium\",\"meta\":\"Capital de Provincia\",\"meta_align\":\"above-title\",\"meta_element\":\"h1\",\"meta_style\":\"text-meta\",\"title\":\"Teruel, la ciudad del mud\\u00e9jar\",\"title_align\":\"top\",\"title_color\":\"primary\",\"title_element\":\"h1\",\"title_grid_breakpoint\":\"m\",\"title_grid_width\":\"1-2\",\"title_hover_style\":\"reset\",\"title_style\":\"h1\"}}]},{\"type\":\"column\",\"props\":{\"image_position\":\"center-center\",\"position_sticky_breakpoint\":\"m\",\"vertical_align\":\"middle\",\"width_medium\":\"3-5\"},\"children\":[{\"type\":\"image\",\"props\":{\"css\":\".el-image {border-radius: 0px 100px 0px 100px ;}\",\"image\":\"wp-content\\\/uploads\\\/2022\\\/02\\\/Herreria-Esteban-entorno-Teruel-02.jpg\",\"image_box_decoration\":\"default\",\"image_height\":\"700\",\"image_svg_color\":\"emphasis\",\"image_width\":\"1000\",\"margin\":\"default\"}}]}]}],\"name\":\"Texto quienes somos\"},{\"type\":\"section\",\"props\":{\"id\":\"lugares\",\"image\":\"wp-content\\\/uploads\\\/2022\\\/02\\\/Herreria-Esteban-fondo-01-C.png\",\"image_effect\":\"fixed\",\"image_position\":\"center-center\",\"image_size\":\"cover\",\"media_visibility\":\"m\",\"padding\":\"large\",\"preserve_color\":true,\"style\":\"secondary\",\"title_breakpoint\":\"xl\",\"title_position\":\"top-left\",\"title_rotation\":\"left\",\"vertical_align\":\"middle\",\"width\":\"large\"},\"children\":[{\"type\":\"row\",\"props\":{\"column_gap\":\"small\"},\"children\":[{\"type\":\"column\",\"props\":{\"image_position\":\"center-center\",\"position_sticky\":\"column\",\"position_sticky_breakpoint\":\"m\",\"style\":\"tile-default\",\"vertical_align\":\"middle\"},\"children\":[{\"type\":\"headline\",\"props\":{\"content\":\"Lugares con tradici\\u00f3n\",\"css\":\"@media (max-width: 640px) {\\n\\n  .el-element {\\n\\n   font-size:45px;\\n\\n  }}\\n\",\"text_align\":\"center\",\"title_color\":\"secondary\",\"title_element\":\"h5\",\"title_style\":\"h1\"}},{\"type\":\"divider\",\"props\":{\"divider_align\":\"center\",\"divider_element\":\"hr\",\"divider_style\":\"small\"}},{\"type\":\"grid\",\"props\":{\"content_column_breakpoint\":\"m\",\"css\":\"@media (max-width: 640px) {\\n\\n  .el-content {\\n\\n   font-size:13px;\\n\\n  }}\\n\",\"filter_align\":\"left\",\"filter_all\":true,\"filter_grid_breakpoint\":\"m\",\"filter_grid_width\":\"auto\",\"filter_position\":\"top\",\"filter_style\":\"tab\",\"grid_default\":\"1\",\"grid_medium\":\"3\",\"grid_small\":\"2\",\"icon_width\":80,\"image_align\":\"top\",\"image_grid_breakpoint\":\"m\",\"image_grid_width\":\"1-2\",\"image_height\":\"300\",\"image_svg_color\":\"emphasis\",\"image_width\":\"800\",\"item_animation\":true,\"link_style\":\"default\",\"link_target\":true,\"link_text\":\"Read more\",\"margin\":\"medium\",\"meta_align\":\"below-title\",\"meta_element\":\"div\",\"meta_style\":\"text-meta\",\"panel_image_no_padding\":true,\"panel_padding\":\"default\",\"panel_style\":\"card-default\",\"parallax_easing\":\"1\",\"show_content\":true,\"show_image\":true,\"show_link\":true,\"show_meta\":true,\"show_title\":true,\"title_align\":\"top\",\"title_decoration\":\"divider\",\"title_element\":\"h3\",\"title_grid_breakpoint\":\"m\",\"title_grid_width\":\"1-2\",\"title_hover_style\":\"reset\"},\"children\":[{\"type\":\"grid_item\",\"props\":{\"content\":\"\n\n<p><span>El pueblo se emplaza en el valle del r\\u00edo Alfambra y descansa al pie de un monte cuyas oquedades hacen honor al nombre de Cuevas Labradas. Resalta la iglesia parroquial barroca de San Juan Evangelista del siglo XVIII, la ermita de la Virgen del Carmen del siglo XVII y la ermita de la Virgen de Cilleruelo.\\u00a0<\\\/span><\\\/p>\",\"image\":\"wp-content\\\/uploads\\\/2022\\\/02\\\/Herreria-Esteban-entorno-pueblo.jpeg\",\"link\":\"https:\\\/\\\/turismocomarcateruel.com\\\/municipios\\\/cuevas-labradas\\\/\",\"link_text\":\"Turismo en Cuevas Labradas\",\"title\":\"Cuevas Labradas\"}},{\"type\":\"grid_item\",\"props\":{\"content\":\"\n\n<p><span>Se compone de 2 sectores diferenciados: un primer tramo por camino rodado que discurre por el valle abierto del barranco de Corbal\\u00e1n y un segundo tramo puramente peatonal a trav\\u00e9s del desfiladero abierto en la monta\\u00f1a por las aguas del barranco del Chorrillo.<\\\/span><\\\/p>\",\"image\":\"wp-content\\\/uploads\\\/2022\\\/02\\\/Herreria-Esteban-entorno-chorrillo.jpg\",\"link\":\"https:\\\/\\\/turismocomarcateruel.com\\\/rutas-andatela\\\/senderos-locales\\\/sendero-del-barranco-del-chorillo-cuevas-labradas\\\/\",\"link_text\":\"Detalles de la ruta\",\"title\":\"Ruta del Barranco del Chorrillo\"}},{\"type\":\"grid_item\",\"props\":{\"content\":\"\n\n<p>Su admirable legado arquitect\\u00f3nico y urban\\u00edstico transporta a todo el visitante al sosiego. Sus casas rojizas, sus llamadores de forja, sus ventanas diminutas, sus balcones corridos... lo hacen un pueblo de cuento. Y cuenta con un gran n\\u00famero de museos interesantes y monumentos como la Catedral.\\u00a0<\\\/p>\",\"image\":\"wp-content\\\/uploads\\\/2022\\\/02\\\/Herreria-Esteban-albarracin-01.jpg\",\"link\":\"https:\\\/\\\/albarracinturismo.com\\\/\",\"link_text\":\"Turismo en Albarrac\\u00edn\",\"title\":\"Albarrac\\u00edn\"}},{\"type\":\"grid_item\",\"props\":{\"content\":\"\n\n<p>Es un paisaje protegido en la Sierra de Albarrac\\u00edn con Pinturas Rupestres y Rutas Senderistas de un entorno natural impresionante. Este extenso pinar de pino del rodeno se encuentra a tan solo 46 km de nuestra casita.\\u00a0<\\\/p>\",\"image\":\"wp-content\\\/uploads\\\/2022\\\/02\\\/Herreria-Esteban-entorno-rodeno.jpg\",\"link\":\"https:\\\/\\\/albarracinturismo.com\\\/espacios-naturales\\\/\",\"link_text\":\"Naturaleza en Albarrac\\u00edn\",\"title\":\"Pinares de Rodeno\"}},{\"type\":\"grid_item\",\"props\":{\"content\":\"\n\n<p>Sentirse minero por un d\\u00eda en Escucha, admirar arte rupestre en Alac\\u00f3n, visitar el Pueblo \\u00cdbero del Cabezo en Oliete, conocer Albalate del Arzobispo, descubrir el Parque Cultural del r\\u00edo Mart\\u00edn o entrar al Parque Geol\\u00f3gico de Aliaga.<\\\/p>\",\"image\":\"wp-content\\\/uploads\\\/2022\\\/02\\\/Herreria-Esteban-entorno-cuencas-mineras.jpg\",\"link\":\"http:\\\/\\\/www.turismocuencasmineras.es\\\/\",\"link_text\":\"Turismo en Cuencas Mineras\",\"title\":\"Cuencas Mineras\"}},{\"type\":\"grid_item\",\"props\":{\"content\":\"\n\n<p>Cada pueblo que lo conforma tiene algo peculiar. En Mirambel destaca su recinto amurallado, en Cantavieja su casco hist\\u00f3rico, en La Iglesuela del Cid sus palacios, en Tronch\\u00f3n su queso, en Molinos las Grutas de Cristal...\\u00a0<\\\/p>\",\"image\":\"wp-content\\\/uploads\\\/2022\\\/02\\\/Herreria-Esteban-entorno-maestrazgo.jpg\",\"link\":\"https:\\\/\\\/turismomaestrazgo.org\\\/\",\"link_text\":\"Turismo en el Maestrazgo\",\"title\":\"Comarca del Maestrazgo\"}}]}]}]}]},{\"type\":\"section\",\"props\":{\"image\":\"wp-content\\\/uploads\\\/2022\\\/02\\\/Herreria-Esteban-albarracin-01.jpg\",\"image_effect\":\"fixed\",\"image_position\":\"center-center\",\"image_size\":\"cover\",\"media_overlay\":\"rgba(0, 0, 0, 0.3)\",\"padding\":\"large\",\"style\":\"default\",\"title_breakpoint\":\"xl\",\"title_position\":\"top-left\",\"title_rotation\":\"left\",\"vertical_align\":\"middle\",\"width\":\"default\"},\"children\":[{\"type\":\"row\",\"props\":{\"layout\":\"1-2,1-2\"},\"children\":[{\"type\":\"column\",\"props\":{\"image_position\":\"center-center\",\"position_sticky_breakpoint\":\"m\",\"width_medium\":\"1-2\"},\"children\":[{\"type\":\"headline\",\"props\":{\"content\":\"Provincia de Teruel, un lugar lleno de encanto\",\"css\":\"@media (max-width: 640px) {\\n\\n  .el-element {\\n\\n   font-size:45px;\\n\\n  }}\\n\",\"maxwidth\":\"xlarge\",\"title_color\":\"success\",\"title_element\":\"h4\",\"title_style\":\"heading-large\"}},{\"type\":\"headline\",\"props\":{\"content\":\"Ven a visitarnos\",\"maxwidth\":\"large\",\"title_color\":\"success\",\"title_element\":\"h4\",\"title_style\":\"h5\"}}]},{\"type\":\"column\",\"props\":{\"image_position\":\"center-center\",\"position_sticky_breakpoint\":\"m\",\"width_medium\":\"1-2\"}}]}],\"modified\":\"2022-02-11T10:13:09.757Z\",\"name\":\"foto-fondo\"},{\"name\":\"Call to action\",\"type\":\"section\",\"props\":{\"image_position\":\"center-center\",\"style\":\"primary\",\"title_breakpoint\":\"xl\",\"title_position\":\"center-left\",\"title_rotation\":\"left\",\"vertical_align\":\"middle\",\"width\":\"xlarge\"},\"children\":[{\"type\":\"row\",\"props\":{\"divider\":false,\"layout\":\"1-2,1-2\",\"match\":false,\"vertical_align\":true,\"width\":\"default\"},\"children\":[{\"type\":\"column\",\"props\":{\"image_position\":\"center-center\",\"position_sticky_breakpoint\":\"m\",\"vertical_align\":\"middle\",\"width_medium\":\"1-2\"},\"children\":[{\"type\":\"panel\",\"props\":{\"content_column_breakpoint\":\"m\",\"icon_width\":80,\"image_align\":\"top\",\"image_grid_breakpoint\":\"m\",\"image_grid_width\":\"1-2\",\"image_svg_color\":\"emphasis\",\"link_style\":\"default\",\"link_text\":\"Click to RSVP\",\"margin\":\"default\",\"meta\":\"Adrenalina y diversi\\u00f3n\",\"meta_align\":\"above-title\",\"meta_element\":\"div\",\"meta_style\":\"text-meta\",\"text_align\":\"left\",\"text_align_breakpoint\":\"m\",\"text_align_fallback\":\"center\",\"title\":\"Actividades por la zona\",\"title_align\":\"top\",\"title_element\":\"h2\",\"title_grid_breakpoint\":\"m\",\"title_grid_width\":\"1-2\",\"title_hover_style\":\"reset\",\"title_style\":\"h1\"}}]},{\"type\":\"column\",\"props\":{\"image_position\":\"center-center\",\"position_sticky_breakpoint\":\"m\",\"vertical_align\":\"middle\",\"width_medium\":\"1-2\"},\"children\":[{\"type\":\"button\",\"props\":{\"button_size\":\"large\",\"fullwidth\":false,\"grid_column_gap\":\"small\",\"grid_row_gap\":\"small\",\"margin\":\"default\",\"text_align\":\"center\"},\"children\":[{\"type\":\"button_item\",\"props\":{\"button_style\":\"primary\",\"content\":\"Avent\\u00farate \",\"icon\":\"arrow-right\",\"icon_align\":\"right\",\"link\":\"index.php?page_id=20\"}}]}]}]}]}],\"version\":\"4.2.13\"} --><\/p>\n","protected":false},"excerpt":{"rendered":"<p>El entorno Encantos paisaj\u00edsticos Si te gusta hacer turismo rural, Teruel es un destino habitual. \u00bfPor qu\u00e9? Cuenta con pueblos medievales y pintorescos, castillos impresionante, admirables cascadas, paisajes protegidos y un paisaje abrumador.\u00a0 Teruel, la ciudad del mud\u00e9jar Capital de Provincia Callejea por sus calles y saborea ese estilo medieval. Te dar\u00e1s cuenta muy pronto, [&hellip;]<\/p>\n","protected":false},"author":1,"featured_media":0,"parent":0,"menu_order":9,"comment_status":"open","ping_status":"open","template":"","meta":{"_acf_changed":false,"footnotes":""},"class_list":["post-8","page","type-page","status-publish","hentry"],"acf":[],"yoast_head":"<!-- This site is optimized with the Yoast SEO plugin v23.6 - https:\/\/yoast.com\/wordpress\/plugins\/seo\/ -->\n<title>\u00bfQu\u00e9 visitar en la provincia de Teruel? - La Herrer\u00eda de Esteban<\/title>\n<meta name=\"description\" content=\"Ven a conocer Teruel, a sumergirte en la edad media tanto de esta ciudad como de todos los pueblos que lo rodean y a descubrir sus impresionantes paisajes naturales.\" \/>\n<meta name=\"robots\" content=\"index, follow, max-snippet:-1, max-image-preview:large, max-video-preview:-1\" \/>\n<link rel=\"canonical\" href=\"https:\/\/herreriadeesteban.com\/?page_id=8\" \/>\n<meta property=\"og:locale\" content=\"es_ES\" \/>\n<meta property=\"og:type\" content=\"article\" \/>\n<meta property=\"og:title\" content=\"\u00bfQu\u00e9 visitar en la provincia de Teruel? - La Herrer\u00eda de Esteban\" \/>\n<meta property=\"og:description\" content=\"Ven a conocer Teruel, a sumergirte en la edad media tanto de esta ciudad como de todos los pueblos que lo rodean y a descubrir sus impresionantes paisajes naturales.\" \/>\n<meta property=\"og:url\" content=\"https:\/\/herreriadeesteban.com\/?page_id=8\" \/>\n<meta property=\"og:site_name\" content=\"La Herrer\u00eda de Esteban - Entr\u00fafate\" \/>\n<meta property=\"article:modified_time\" content=\"2024-10-21T20:40:10+00:00\" \/>\n<meta name=\"twitter:card\" content=\"summary_large_image\" \/>\n<meta name=\"twitter:label1\" content=\"Tiempo de lectura\" \/>\n\t<meta name=\"twitter:data1\" content=\"2 minutos\" \/>\n<script type=\"application\/ld+json\" class=\"yoast-schema-graph\">{\"@context\":\"https:\/\/schema.org\",\"@graph\":[{\"@type\":\"WebPage\",\"@id\":\"https:\/\/herreriadeesteban.com\/?page_id=8\",\"url\":\"https:\/\/herreriadeesteban.com\/?page_id=8\",\"name\":\"\u00bfQu\u00e9 visitar en la provincia de Teruel? - La Herrer\u00eda de Esteban\",\"isPartOf\":{\"@id\":\"https:\/\/herreriadeesteban.com\/#website\"},\"datePublished\":\"2019-09-04T14:27:50+00:00\",\"dateModified\":\"2024-10-21T20:40:10+00:00\",\"description\":\"Ven a conocer Teruel, a sumergirte en la edad media tanto de esta ciudad como de todos los pueblos que lo rodean y a descubrir sus impresionantes paisajes naturales.\",\"breadcrumb\":{\"@id\":\"https:\/\/herreriadeesteban.com\/?page_id=8#breadcrumb\"},\"inLanguage\":\"es\",\"potentialAction\":[{\"@type\":\"ReadAction\",\"target\":[\"https:\/\/herreriadeesteban.com\/?page_id=8\"]}]},{\"@type\":\"BreadcrumbList\",\"@id\":\"https:\/\/herreriadeesteban.com\/?page_id=8#breadcrumb\",\"itemListElement\":[{\"@type\":\"ListItem\",\"position\":1,\"name\":\"Portada\",\"item\":\"https:\/\/herreriadeesteban.com\/\"},{\"@type\":\"ListItem\",\"position\":2,\"name\":\"El entorno\"}]},{\"@type\":\"WebSite\",\"@id\":\"https:\/\/herreriadeesteban.com\/#website\",\"url\":\"https:\/\/herreriadeesteban.com\/\",\"name\":\"La Herrer\u00eda de Esteban - Entr\u00fafate\",\"description\":\"Casa Rural con experiencia de trufiturismo\",\"potentialAction\":[{\"@type\":\"SearchAction\",\"target\":{\"@type\":\"EntryPoint\",\"urlTemplate\":\"https:\/\/herreriadeesteban.com\/?s={search_term_string}\"},\"query-input\":{\"@type\":\"PropertyValueSpecification\",\"valueRequired\":true,\"valueName\":\"search_term_string\"}}],\"inLanguage\":\"es\"}]}<\/script>\n<!-- \/ Yoast SEO plugin. -->","yoast_head_json":{"title":"\u00bfQu\u00e9 visitar en la provincia de Teruel? - La Herrer\u00eda de Esteban","description":"Ven a conocer Teruel, a sumergirte en la edad media tanto de esta ciudad como de todos los pueblos que lo rodean y a descubrir sus impresionantes paisajes naturales.","robots":{"index":"index","follow":"follow","max-snippet":"max-snippet:-1","max-image-preview":"max-image-preview:large","max-video-preview":"max-video-preview:-1"},"canonical":"https:\/\/herreriadeesteban.com\/?page_id=8","og_locale":"es_ES","og_type":"article","og_title":"\u00bfQu\u00e9 visitar en la provincia de Teruel? - La Herrer\u00eda de Esteban","og_description":"Ven a conocer Teruel, a sumergirte en la edad media tanto de esta ciudad como de todos los pueblos que lo rodean y a descubrir sus impresionantes paisajes naturales.","og_url":"https:\/\/herreriadeesteban.com\/?page_id=8","og_site_name":"La Herrer\u00eda de Esteban - Entr\u00fafate","article_modified_time":"2024-10-21T20:40:10+00:00","twitter_card":"summary_large_image","twitter_misc":{"Tiempo de lectura":"2 minutos"},"schema":{"@context":"https:\/\/schema.org","@graph":[{"@type":"WebPage","@id":"https:\/\/herreriadeesteban.com\/?page_id=8","url":"https:\/\/herreriadeesteban.com\/?page_id=8","name":"\u00bfQu\u00e9 visitar en la provincia de Teruel? - La Herrer\u00eda de Esteban","isPartOf":{"@id":"https:\/\/herreriadeesteban.com\/#website"},"datePublished":"2019-09-04T14:27:50+00:00","dateModified":"2024-10-21T20:40:10+00:00","description":"Ven a conocer Teruel, a sumergirte en la edad media tanto de esta ciudad como de todos los pueblos que lo rodean y a descubrir sus impresionantes paisajes naturales.","breadcrumb":{"@id":"https:\/\/herreriadeesteban.com\/?page_id=8#breadcrumb"},"inLanguage":"es","potentialAction":[{"@type":"ReadAction","target":["https:\/\/herreriadeesteban.com\/?page_id=8"]}]},{"@type":"BreadcrumbList","@id":"https:\/\/herreriadeesteban.com\/?page_id=8#breadcrumb","itemListElement":[{"@type":"ListItem","position":1,"name":"Portada","item":"https:\/\/herreriadeesteban.com\/"},{"@type":"ListItem","position":2,"name":"El entorno"}]},{"@type":"WebSite","@id":"https:\/\/herreriadeesteban.com\/#website","url":"https:\/\/herreriadeesteban.com\/","name":"La Herrer\u00eda de Esteban - Entr\u00fafate","description":"Casa Rural con experiencia de trufiturismo","potentialAction":[{"@type":"SearchAction","target":{"@type":"EntryPoint","urlTemplate":"https:\/\/herreriadeesteban.com\/?s={search_term_string}"},"query-input":{"@type":"PropertyValueSpecification","valueRequired":true,"valueName":"search_term_string"}}],"inLanguage":"es"}]}},"_links":{"self":[{"href":"https:\/\/herreriadeesteban.com\/index.php?rest_route=\/wp\/v2\/pages\/8"}],"collection":[{"href":"https:\/\/herreriadeesteban.com\/index.php?rest_route=\/wp\/v2\/pages"}],"about":[{"href":"https:\/\/herreriadeesteban.com\/index.php?rest_route=\/wp\/v2\/types\/page"}],"author":[{"embeddable":true,"href":"https:\/\/herreriadeesteban.com\/index.php?rest_route=\/wp\/v2\/users\/1"}],"replies":[{"embeddable":true,"href":"https:\/\/herreriadeesteban.com\/index.php?rest_route=%2Fwp%2Fv2%2Fcomments&post=8"}],"version-history":[{"count":2,"href":"https:\/\/herreriadeesteban.com\/index.php?rest_route=\/wp\/v2\/pages\/8\/revisions"}],"predecessor-version":[{"id":25879,"href":"https:\/\/herreriadeesteban.com\/index.php?rest_route=\/wp\/v2\/pages\/8\/revisions\/25879"}],"wp:attachment":[{"href":"https:\/\/herreriadeesteban.com\/index.php?rest_route=%2Fwp%2Fv2%2Fmedia&parent=8"}],"curies":[{"name":"wp","href":"https:\/\/api.w.org\/{rel}","templated":true}]}}